{"id":2077,"date":"2024-09-25T15:38:24","date_gmt":"2024-09-25T15:38:24","guid":{"rendered":"https:\/\/intyworldweb.com\/?page_id=2077"},"modified":"2024-09-29T10:48:12","modified_gmt":"2024-09-29T10:48:12","slug":"elevate-your-website-with-expert-ux-ui-design-services","status":"publish","type":"page","link":"https:\/\/intyworldweb.com\/ro\/elevate-your-website-with-expert-ux-ui-design-services\/","title":{"rendered":"\u00cembun\u0103t\u0103\u021bi\u021bi-v\u0103 site-ul cu servicii de design expert UX\/UI"},"content":{"rendered":"<div data-elementor-type=\"wp-page\" data-elementor-id=\"2077\" class=\"elementor elementor-2077\">\n\t\t\t\t<div class=\"elementor-element elementor-element-3b9eb8a e-flex e-con-boxed e-con e-parent\" data-id=\"3b9eb8a\" data-element_type=\"container\" data-e-type=\"container\" data-settings=\"{&quot;background_background&quot;:&quot;classic&quot;}\">\n\t\t\t\t\t<div class=\"e-con-inner\">\n\t\t\t\t<div class=\"elementor-element elementor-element-7cf725c elementor-widget elementor-widget-spacer\" data-id=\"7cf725c\" data-element_type=\"widget\" data-e-type=\"widget\" data-widget_type=\"spacer.default\">\n\t\t\t\t<div class=\"elementor-widget-container\">\n\t\t\t\t\t\t\t<div class=\"elementor-spacer\">\n\t\t\t<div class=\"elementor-spacer-inner\"><\/div>\n\t\t<\/div>\n\t\t\t\t\t\t<\/div>\n\t\t\t\t<\/div>\n\t\t\t\t<div class=\"elementor-element elementor-element-313d1dc elementor-widget elementor-widget-heading\" data-id=\"313d1dc\" data-element_type=\"widget\" data-e-type=\"widget\" data-widget_type=\"heading.default\">\n\t\t\t\t<div class=\"elementor-widget-container\">\n\t\t\t\t\t<h2 class=\"elementor-heading-title elementor-size-default\">\u00cembun\u0103t\u0103\u021bi\u021bi-v\u0103 site-ul cu servicii de design expert UX\/UI<\/h2>\t\t\t\t<\/div>\n\t\t\t\t<\/div>\n\t\t\t\t<div class=\"elementor-element elementor-element-c7cd74c elementor-widget elementor-widget-spacer\" data-id=\"c7cd74c\" data-element_type=\"widget\" data-e-type=\"widget\" data-widget_type=\"spacer.default\">\n\t\t\t\t<div class=\"elementor-widget-container\">\n\t\t\t\t\t\t\t<div class=\"elementor-spacer\">\n\t\t\t<div class=\"elementor-spacer-inner\"><\/div>\n\t\t<\/div>\n\t\t\t\t\t\t<\/div>\n\t\t\t\t<\/div>\n\t\t\t\t\t<\/div>\n\t\t\t\t<\/div>\n\t\t<div class=\"elementor-element elementor-element-62e05cb e-flex e-con-boxed e-con e-parent\" data-id=\"62e05cb\" data-element_type=\"container\" data-e-type=\"container\" data-settings=\"{&quot;background_background&quot;:&quot;classic&quot;,&quot;animation&quot;:&quot;none&quot;}\">\n\t\t\t\t\t<div class=\"e-con-inner\">\n\t\t\t\t<div class=\"elementor-element elementor-element-dced9e2 elementor-widget elementor-widget-spacer\" data-id=\"dced9e2\" data-element_type=\"widget\" data-e-type=\"widget\" data-widget_type=\"spacer.default\">\n\t\t\t\t<div class=\"elementor-widget-container\">\n\t\t\t\t\t\t\t<div class=\"elementor-spacer\">\n\t\t\t<div class=\"elementor-spacer-inner\"><\/div>\n\t\t<\/div>\n\t\t\t\t\t\t<\/div>\n\t\t\t\t<\/div>\n\t\t\t\t<div class=\"elementor-element elementor-element-e61bc45 elementor-invisible elementor-widget elementor-widget-text-editor\" data-id=\"e61bc45\" data-element_type=\"widget\" data-e-type=\"widget\" data-settings=\"{&quot;_animation&quot;:&quot;zoomIn&quot;}\" data-widget_type=\"text-editor.default\">\n\t\t\t\t<div class=\"elementor-widget-container\">\n\t\t\t\t\t\t\t\t\t<p class=\"translation-block\">Procesul meu integreaz\u0103 cele mai bune practici <b>SEO<\/b> pentru m\u0103 asigura c\u0103 site-ul dvs. nu numai c\u0103 arat\u0103 grozav, ci este \u0219i optimizat pentru motoarele de c\u0103utare, sporind vizibilitatea \u0219i traficul organic. De la wireframing p\u00e2n\u0103 la designul final, fiecare pas este centrat pe crearea unui site web u\u0219or de utilizat \u0219i receptiv la dispozitivele mobile, care iese \u00een eviden\u021b\u0103 \u00een peisajul digital de ast\u0103zi.<\/p>\n<p>Our process integrates <b>SEO<\/b> best practices to ensure that your website not only looks great but is also optimized for search engines, increasing visibility and organic traffic. From wireframing to final design, every step is centered around creating a user-friendly and mobile-responsive website that stands out in today\u2019s digital landscape.<\/p>\t\t\t\t\t\t\t\t<\/div>\n\t\t\t\t<\/div>\n\t\t\t\t<div class=\"elementor-element elementor-element-317db4e elementor-widget elementor-widget-spacer\" data-id=\"317db4e\" data-element_type=\"widget\" data-e-type=\"widget\" data-widget_type=\"spacer.default\">\n\t\t\t\t<div class=\"elementor-widget-container\">\n\t\t\t\t\t\t\t<div class=\"elementor-spacer\">\n\t\t\t<div class=\"elementor-spacer-inner\"><\/div>\n\t\t<\/div>\n\t\t\t\t\t\t<\/div>\n\t\t\t\t<\/div>\n\t\t\t\t\t<\/div>\n\t\t\t\t<\/div>\n\t\t<div class=\"elementor-element elementor-element-1b9a14d e-flex e-con-boxed e-con e-parent\" data-id=\"1b9a14d\" data-element_type=\"container\" data-e-type=\"container\" data-settings=\"{&quot;background_background&quot;:&quot;classic&quot;}\">\n\t\t\t\t\t<div class=\"e-con-inner\">\n\t\t\t\t<div class=\"elementor-element elementor-element-06be447 elementor-widget elementor-widget-heading\" data-id=\"06be447\" data-element_type=\"widget\" data-e-type=\"widget\" data-widget_type=\"heading.default\">\n\t\t\t\t<div class=\"elementor-widget-container\">\n\t\t\t\t\t<h2 class=\"elementor-heading-title elementor-size-default\">Avantajele cheie ale designului UX\/UI:\n<\/h2>\t\t\t\t<\/div>\n\t\t\t\t<\/div>\n\t\t\t\t<div class=\"elementor-element elementor-element-31a0c2a elementor-widget elementor-widget-text-editor\" data-id=\"31a0c2a\" data-element_type=\"widget\" data-e-type=\"widget\" data-widget_type=\"text-editor.default\">\n\t\t\t\t<div class=\"elementor-widget-container\">\n\t\t\t\t\t\t\t\t\t<ul><li class=\"translation-block\"><strong>Experien\u021b\u0103 \u00eembun\u0103t\u0103\u021bit\u0103 a utilizatorului:<\/strong> o c\u0103l\u0103torie simpl\u0103 \u0219i intuitiv\u0103 men\u021bine utilizatorii implica\u021bi \u0219i \u00eencurajeaz\u0103 vizite mai lungi pe site.<\/li><li class=\"translation-block\"><strong>Rate de conversie crescute:<\/strong> un design bine structurat conduce utilizatorii f\u0103r\u0103 efort la \u00eendemnuri, \u00eembun\u0103t\u0103\u021bind generarea de clien\u021bi poten\u021biali.<\/li><li class=\"translation-block\"><strong>Mobile-First Approach:<\/strong> modelele noastre sunt pe deplin receptive, asigur\u00e2nd o experien\u021b\u0103 optim\u0103 pe toate dispozitivele.<\/li><li class=\"translation-block\"><strong>Optimizare SEO:<\/strong> o performan\u021b\u0103 mai bun\u0103 a site-ului \u0219i o accesibilitate mai bun\u0103 duc la pozi\u021bii mai ridicate pe motoarele de c\u0103utare.<\/li><li class=\"translation-block\"><strong>Coeren\u021ba m\u0103rcii:<\/strong> un design coerent \u00eent\u0103re\u0219te identitatea m\u0103rcii dvs. \u0219i las\u0103 o impresie de durat\u0103 asupra vizitatorilor.<\/li><\/ul>\t\t\t\t\t\t\t\t<\/div>\n\t\t\t\t<\/div>\n\t\t\t\t\t<\/div>\n\t\t\t\t<\/div>\n\t\t\t\t<\/div>","protected":false},"excerpt":{"rendered":"<p>Elevate Your Website with Expert UX\/UI Design Services Unlock the full potential of your website with cutting-edge UX\/UI design, crafted to enhance user experience and drive conversions. Our expert design approach ensures your visitors enjoy a seamless, visually engaging, and intuitive interface, ultimately boosting your site&#8217;s performance and user satisfaction. With a focus on usability, [&hellip;]<\/p>\n","protected":false},"author":1,"featured_media":0,"parent":0,"menu_order":0,"comment_status":"closed","ping_status":"closed","template":"","meta":{"om_disable_all_campaigns":false,"_monsterinsights_skip_tracking":false,"_monsterinsights_sitenote_active":false,"_monsterinsights_sitenote_note":"","_monsterinsights_sitenote_category":0,"_uf_show_specific_survey":0,"_uf_disable_surveys":false,"footnotes":""},"class_list":["post-2077","page","type-page","status-publish","hentry"],"blocksy_meta":[],"aioseo_notices":[],"_links":{"self":[{"href":"https:\/\/intyworldweb.com\/ro\/wp-json\/wp\/v2\/pages\/2077","targetHints":{"allow":["GET"]}}],"collection":[{"href":"https:\/\/intyworldweb.com\/ro\/wp-json\/wp\/v2\/pages"}],"about":[{"href":"https:\/\/intyworldweb.com\/ro\/wp-json\/wp\/v2\/types\/page"}],"author":[{"embeddable":true,"href":"https:\/\/intyworldweb.com\/ro\/wp-json\/wp\/v2\/users\/1"}],"replies":[{"embeddable":true,"href":"https:\/\/intyworldweb.com\/ro\/wp-json\/wp\/v2\/comments?post=2077"}],"version-history":[{"count":19,"href":"https:\/\/intyworldweb.com\/ro\/wp-json\/wp\/v2\/pages\/2077\/revisions"}],"predecessor-version":[{"id":2230,"href":"https:\/\/intyworldweb.com\/ro\/wp-json\/wp\/v2\/pages\/2077\/revisions\/2230"}],"wp:attachment":[{"href":"https:\/\/intyworldweb.com\/ro\/wp-json\/wp\/v2\/media?parent=2077"}],"curies":[{"name":"wp","href":"https:\/\/api.w.org\/{rel}","templated":true}]}}