{"id":2130,"date":"2024-09-25T16:16:45","date_gmt":"2024-09-25T16:16:45","guid":{"rendered":"https:\/\/intyworldweb.com\/?page_id=2130"},"modified":"2024-09-29T10:46:32","modified_gmt":"2024-09-29T10:46:32","slug":"build-a-strong-online-presence-with-a-distinct-brand-identity","status":"publish","type":"page","link":"https:\/\/intyworldweb.com\/ro\/build-a-strong-online-presence-with-a-distinct-brand-identity\/","title":{"rendered":"Construi\u021bi o prezen\u021b\u0103 online puternic\u0103 cu o identitate de marc\u0103 distinct\u0103"},"content":{"rendered":"<div data-elementor-type=\"wp-page\" data-elementor-id=\"2130\" class=\"elementor elementor-2130\">\n\t\t\t\t<div class=\"elementor-element elementor-element-f17f00a e-flex e-con-boxed e-con e-parent\" data-id=\"f17f00a\" data-element_type=\"container\" data-e-type=\"container\" data-settings=\"{&quot;background_background&quot;:&quot;classic&quot;}\">\n\t\t\t\t\t<div class=\"e-con-inner\">\n\t\t\t\t<div class=\"elementor-element elementor-element-8b528da elementor-widget elementor-widget-spacer\" data-id=\"8b528da\" data-element_type=\"widget\" data-e-type=\"widget\" data-widget_type=\"spacer.default\">\n\t\t\t\t<div class=\"elementor-widget-container\">\n\t\t\t\t\t\t\t<div class=\"elementor-spacer\">\n\t\t\t<div class=\"elementor-spacer-inner\"><\/div>\n\t\t<\/div>\n\t\t\t\t\t\t<\/div>\n\t\t\t\t<\/div>\n\t\t\t\t<div class=\"elementor-element elementor-element-1463b62 elementor-widget elementor-widget-heading\" data-id=\"1463b62\" data-element_type=\"widget\" data-e-type=\"widget\" data-widget_type=\"heading.default\">\n\t\t\t\t<div class=\"elementor-widget-container\">\n\t\t\t\t\t<h2 class=\"elementor-heading-title elementor-size-default\">Construi\u021bi o prezen\u021b\u0103 online puternic\u0103 cu o identitate de marc\u0103 distinct\u0103<\/h2>\t\t\t\t<\/div>\n\t\t\t\t<\/div>\n\t\t\t\t<div class=\"elementor-element elementor-element-f1944b6 elementor-widget elementor-widget-spacer\" data-id=\"f1944b6\" data-element_type=\"widget\" data-e-type=\"widget\" data-widget_type=\"spacer.default\">\n\t\t\t\t<div class=\"elementor-widget-container\">\n\t\t\t\t\t\t\t<div class=\"elementor-spacer\">\n\t\t\t<div class=\"elementor-spacer-inner\"><\/div>\n\t\t<\/div>\n\t\t\t\t\t\t<\/div>\n\t\t\t\t<\/div>\n\t\t\t\t\t<\/div>\n\t\t\t\t<\/div>\n\t\t<div class=\"elementor-element elementor-element-4c0e7c8 e-flex e-con-boxed e-con e-parent\" data-id=\"4c0e7c8\" data-element_type=\"container\" data-e-type=\"container\" data-settings=\"{&quot;background_background&quot;:&quot;classic&quot;}\">\n\t\t\t\t\t<div class=\"e-con-inner\">\n\t\t\t\t<div class=\"elementor-element elementor-element-31f25ad elementor-widget elementor-widget-spacer\" data-id=\"31f25ad\" data-element_type=\"widget\" data-e-type=\"widget\" data-widget_type=\"spacer.default\">\n\t\t\t\t<div class=\"elementor-widget-container\">\n\t\t\t\t\t\t\t<div class=\"elementor-spacer\">\n\t\t\t<div class=\"elementor-spacer-inner\"><\/div>\n\t\t<\/div>\n\t\t\t\t\t\t<\/div>\n\t\t\t\t<\/div>\n\t\t\t\t<div class=\"elementor-element elementor-element-bc256d8 elementor-widget elementor-widget-text-editor\" data-id=\"bc256d8\" data-element_type=\"widget\" data-e-type=\"widget\" data-widget_type=\"text-editor.default\">\n\t\t\t\t<div class=\"elementor-widget-container\">\n\t\t\t\t\t\t\t\t\t<p class=\"translation-block\">Identitatea m\u0103rcii dvs. este piatra de temelie a afacerii dvs., definind modul \u00een care clien\u021bii percep \u0219i se conecteaz\u0103 cu compania dvs. O identitate de marc\u0103 conving\u0103toare \u0219i coerent\u0103 nu numai c\u0103 te deosebe\u0219te de concuren\u021bi, ci \u0219i construie\u0219te \u00eencredere \u0219i recunoa\u0219tere. Sunt specializat \u00een crearea de identit\u0103\u021bi de marc\u0103 unice, de impact, care rezoneaz\u0103 cu <b>publicul \u021bint\u0103<\/b>, de la logo-ul \u0219i schemele de culori p\u00e2n\u0103 la tipografie \u0219i tonul vocii. Fiecare element este proiectat atent pentru a transmite valorile de baz\u0103 \u0219i personalitatea m\u0103rcii dvs., asigur\u00e2nd o experien\u021b\u0103 consistent\u0103 \u0219i memorabil\u0103 pe toate platformele.<\/p><p class=\"translation-block\">Folosind cele mai recente <b>strategii SEO<\/b>, m\u0103 asigur c\u0103 <b>identitatea dvs. de marc\u0103<\/b> v\u0103 \u00eembun\u0103t\u0103\u021be\u0219te vizibilitatea online. O prezen\u021b\u0103 consecvent\u0103 a m\u0103rcii pe site-ul dvs. web, \u00een \u200b\u200bre\u021belele sociale \u0219i \u00een campaniile de marketing ajut\u0103 la \u00eembun\u0103t\u0103\u021birea reamintirii m\u0103rcii \u0219i la atragerea <b>traficului organic<\/b>, ceea ce duce \u00een cele din urm\u0103 la un angajament mai mare \u0219i la o loialitate mai mare a clien\u021bilor.<\/p><p>Investi\u021bia \u00een identitatea m\u0103rcii dvs. este esen\u021bial\u0103 pentru a crea rela\u021bii de durat\u0103 cu clien\u021bii \u0219i pentru a conduce succesul afacerii dvs. Permite\u021bi-ne s\u0103 v\u0103 ajut\u0103m s\u0103 crea\u021bi o identitate de marc\u0103 puternic\u0103, care nu numai c\u0103 reflect\u0103 cine sunte\u021bi, ci \u0219i s\u0103 atrag\u0103 \u0219i s\u0103 p\u0103streze publicul dvs. ideal.<\/p><p>\u00a0<\/p>\t\t\t\t\t\t\t\t<\/div>\n\t\t\t\t<\/div>\n\t\t\t\t<div class=\"elementor-element elementor-element-89a50b6 elementor-widget elementor-widget-spacer\" data-id=\"89a50b6\" data-element_type=\"widget\" data-e-type=\"widget\" data-widget_type=\"spacer.default\">\n\t\t\t\t<div class=\"elementor-widget-container\">\n\t\t\t\t\t\t\t<div class=\"elementor-spacer\">\n\t\t\t<div class=\"elementor-spacer-inner\"><\/div>\n\t\t<\/div>\n\t\t\t\t\t\t<\/div>\n\t\t\t\t<\/div>\n\t\t\t\t\t<\/div>\n\t\t\t\t<\/div>\n\t\t<div class=\"elementor-element elementor-element-1154152 e-flex e-con-boxed e-con e-parent\" data-id=\"1154152\" data-element_type=\"container\" data-e-type=\"container\" data-settings=\"{&quot;background_background&quot;:&quot;classic&quot;}\">\n\t\t\t\t\t<div class=\"e-con-inner\">\n\t\t\t\t<div class=\"elementor-element elementor-element-7febfa4 elementor-widget elementor-widget-heading\" data-id=\"7febfa4\" data-element_type=\"widget\" data-e-type=\"widget\" data-widget_type=\"heading.default\">\n\t\t\t\t<div class=\"elementor-widget-container\">\n\t\t\t\t\t<h2 class=\"elementor-heading-title elementor-size-default\">Avantajele cheie ale unei identit\u0103\u021bi puternice de marc\u0103:\n<\/h2>\t\t\t\t<\/div>\n\t\t\t\t<\/div>\n\t\t\t\t<div class=\"elementor-element elementor-element-0fecff7 elementor-widget elementor-widget-text-editor\" data-id=\"0fecff7\" data-element_type=\"widget\" data-e-type=\"widget\" data-widget_type=\"text-editor.default\">\n\t\t\t\t<div class=\"elementor-widget-container\">\n\t\t\t\t\t\t\t\t\t<ul><li class=\"translation-block\"><strong>Recunoa\u0219terea m\u0103rcii:<\/strong> o identitate vizual\u0103 distinct\u0103 \u0219i consecvent\u0103 faciliteaz\u0103 recunoa\u0219terea \u0219i amintirea m\u0103rcii clien\u021bilor.<\/li><li class=\"translation-block\"><strong>\u00cencredere \u0219i credibilitate:<\/strong> o imagine de marc\u0103 profesional\u0103 \u0219i coerent\u0103 creeaz\u0103 \u00eencredere, stimul\u00e2nd rela\u021biile pe termen lung cu clien\u021bii.<\/li><li class=\"translation-block\"><strong>Performan\u021b\u0103 SEO \u00eembun\u0103t\u0103\u021bit\u0103:<\/strong> elementele consecvente ale m\u0103rcii \u0219i mesajele contribuie la o pozi\u021bie mai bun\u0103 \u00een motoarele de c\u0103utare \u0219i la o vizibilitate mai mare.<\/li><li class=\"translation-block\"><strong>Fidelizarea clien\u021bilor:<\/strong> o identitate puternic\u0103 a m\u0103rcii \u00eencurajeaz\u0103 conexiunile emo\u021bionale, ceea ce duce la repetarea afacerilor \u0219i la promovarea m\u0103rcii.<\/li><li class=\"translation-block\"><strong>Marc\u0103 competitiv\u0103:<\/strong> a te eviden\u021bia printr-o identitate de marc\u0103 unic\u0103 te ajut\u0103 s\u0103 te diferen\u021biezi \u00eentr-o pia\u021b\u0103 aglomerat\u0103.<\/li><\/ul>\t\t\t\t\t\t\t\t<\/div>\n\t\t\t\t<\/div>\n\t\t\t\t\t<\/div>\n\t\t\t\t<\/div>\n\t\t\t\t<\/div>","protected":false},"excerpt":{"rendered":"<p>Build a Strong Online Presence with a Distinct Brand Identity Your brand identity is the cornerstone of your business, defining how customers perceive and connect with your company. A compelling and cohesive brand identity not only sets you apart from competitors but also builds trust and recognition. I specialize in creating unique, impactful brand identities [&hellip;]<\/p>\n","protected":false},"author":1,"featured_media":0,"parent":0,"menu_order":0,"comment_status":"closed","ping_status":"closed","template":"","meta":{"om_disable_all_campaigns":false,"_monsterinsights_skip_tracking":false,"_monsterinsights_sitenote_active":false,"_monsterinsights_sitenote_note":"","_monsterinsights_sitenote_category":0,"_uf_show_specific_survey":0,"_uf_disable_surveys":false,"footnotes":""},"class_list":["post-2130","page","type-page","status-publish","hentry"],"blocksy_meta":[],"aioseo_notices":[],"_links":{"self":[{"href":"https:\/\/intyworldweb.com\/ro\/wp-json\/wp\/v2\/pages\/2130","targetHints":{"allow":["GET"]}}],"collection":[{"href":"https:\/\/intyworldweb.com\/ro\/wp-json\/wp\/v2\/pages"}],"about":[{"href":"https:\/\/intyworldweb.com\/ro\/wp-json\/wp\/v2\/types\/page"}],"author":[{"embeddable":true,"href":"https:\/\/intyworldweb.com\/ro\/wp-json\/wp\/v2\/users\/1"}],"replies":[{"embeddable":true,"href":"https:\/\/intyworldweb.com\/ro\/wp-json\/wp\/v2\/comments?post=2130"}],"version-history":[{"count":16,"href":"https:\/\/intyworldweb.com\/ro\/wp-json\/wp\/v2\/pages\/2130\/revisions"}],"predecessor-version":[{"id":2227,"href":"https:\/\/intyworldweb.com\/ro\/wp-json\/wp\/v2\/pages\/2130\/revisions\/2227"}],"wp:attachment":[{"href":"https:\/\/intyworldweb.com\/ro\/wp-json\/wp\/v2\/media?parent=2130"}],"curies":[{"name":"wp","href":"https:\/\/api.w.org\/{rel}","templated":true}]}}