{"id":2147,"date":"2024-09-25T16:59:54","date_gmt":"2024-09-25T16:59:54","guid":{"rendered":"https:\/\/intyworldweb.com\/?page_id=2147"},"modified":"2025-01-16T07:14:06","modified_gmt":"2025-01-16T07:14:06","slug":"boost-your-online-visibility-with-expert-seo-services","status":"publish","type":"page","link":"https:\/\/intyworldweb.com\/ro\/boost-your-online-visibility-with-expert-seo-services\/","title":{"rendered":"Cre\u0219te\u021bi-v\u0103 vizibilitatea online cu Serviciile Expert SEO"},"content":{"rendered":"<div data-elementor-type=\"wp-page\" data-elementor-id=\"2147\" class=\"elementor elementor-2147\">\n\t\t\t\t<div class=\"elementor-element elementor-element-a209cc9 e-flex e-con-boxed e-con e-parent\" data-id=\"a209cc9\" data-element_type=\"container\" data-e-type=\"container\" data-settings=\"{&quot;background_background&quot;:&quot;classic&quot;}\">\n\t\t\t\t\t<div class=\"e-con-inner\">\n\t\t\t\t<div class=\"elementor-element elementor-element-1e043e5 elementor-widget elementor-widget-spacer\" data-id=\"1e043e5\" data-element_type=\"widget\" data-e-type=\"widget\" data-widget_type=\"spacer.default\">\n\t\t\t\t<div class=\"elementor-widget-container\">\n\t\t\t\t\t\t\t<div class=\"elementor-spacer\">\n\t\t\t<div class=\"elementor-spacer-inner\"><\/div>\n\t\t<\/div>\n\t\t\t\t\t\t<\/div>\n\t\t\t\t<\/div>\n\t\t\t\t<div class=\"elementor-element elementor-element-78499c9 elementor-widget elementor-widget-heading\" data-id=\"78499c9\" data-element_type=\"widget\" data-e-type=\"widget\" data-widget_type=\"heading.default\">\n\t\t\t\t<div class=\"elementor-widget-container\">\n\t\t\t\t\t<h2 class=\"elementor-heading-title elementor-size-default\">Cre\u0219te\u021bi-v\u0103 vizibilitatea online cu Serviciile Expert SEO<\/h2>\t\t\t\t<\/div>\n\t\t\t\t<\/div>\n\t\t\t\t<div class=\"elementor-element elementor-element-0cc5dd5 elementor-widget elementor-widget-spacer\" data-id=\"0cc5dd5\" data-element_type=\"widget\" data-e-type=\"widget\" data-widget_type=\"spacer.default\">\n\t\t\t\t<div class=\"elementor-widget-container\">\n\t\t\t\t\t\t\t<div class=\"elementor-spacer\">\n\t\t\t<div class=\"elementor-spacer-inner\"><\/div>\n\t\t<\/div>\n\t\t\t\t\t\t<\/div>\n\t\t\t\t<\/div>\n\t\t\t\t\t<\/div>\n\t\t\t\t<\/div>\n\t\t<div class=\"elementor-element elementor-element-fca856d e-flex e-con-boxed e-con e-parent\" data-id=\"fca856d\" data-element_type=\"container\" data-e-type=\"container\" data-settings=\"{&quot;background_background&quot;:&quot;classic&quot;}\">\n\t\t\t\t\t<div class=\"e-con-inner\">\n\t\t\t\t<div class=\"elementor-element elementor-element-e6c5299 elementor-widget elementor-widget-spacer\" data-id=\"e6c5299\" data-element_type=\"widget\" data-e-type=\"widget\" data-widget_type=\"spacer.default\">\n\t\t\t\t<div class=\"elementor-widget-container\">\n\t\t\t\t\t\t\t<div class=\"elementor-spacer\">\n\t\t\t<div class=\"elementor-spacer-inner\"><\/div>\n\t\t<\/div>\n\t\t\t\t\t\t<\/div>\n\t\t\t\t<\/div>\n\t\t\t\t<div class=\"elementor-element elementor-element-5aaee07 elementor-widget elementor-widget-text-editor\" data-id=\"5aaee07\" data-element_type=\"widget\" data-e-type=\"widget\" data-widget_type=\"text-editor.default\">\n\t\t\t\t<div class=\"elementor-widget-container\">\n\t\t\t\t\t\t\t\t\t<p class=\"translation-block\">\u00cen peisajul digital competitiv de ast\u0103zi, <b>optimizarea pentru motoarele de c\u0103utare (SEO)<\/b> este esen\u021bial\u0103 pentru a genera trafic organic c\u0103tre site-ul dvs. web \u0219i pentru a v\u0103 cre\u0219te prezen\u021ba online. Serviciile mele cuprinz\u0103toare de <b>SEO<\/b> se concentreaz\u0103 pe \u00eembun\u0103t\u0103\u021birea <b>clasamentului \u00een motoarele de c\u0103utare<\/b> ale site-ului dvs., pe cre\u0219terea vizibilit\u0103\u021bii \u0219i pe atragerea mai multor vizitatori viza\u021bi. De la optimizarea pe pagin\u0103 \u0219i cercetarea cuvintelor cheie la <b>SEO<\/b> tehnic \u0219i crearea de link-uri, folosesc strategii dovedite pentru a m\u0103 asigura c\u0103 site-ul dvs. nu este doar optimizat pentru motoarele de c\u0103utare, ci ofer\u0103 \u0219i o experien\u021b\u0103 superioar\u0103 pentru utilizator.<\/p><p class=\"translation-block\">Cu abordarea bazat\u0103 pe date, \u00ee\u021bi analizez industria, concuren\u021bii \u0219i publicul pentru a dezvolta un plan personalizat de <b>SEO<\/b> care s\u0103 se alinieze obiectivelor tale de afaceri. Indiferent dac\u0103 dori\u021bi s\u0103 ajunge\u021bi la o acoperire local\u0103 sau global\u0103, folosesc cele mai recente <b>tehnici SEO <\/b>pentru a m\u0103 asigura c\u0103 site-ul dvs. se claseaz\u0103 mai sus \u00een rezultatele c\u0103ut\u0103rii, ceea ce duce la cre\u0219terea traficului, rate de conversie mai mari \u0219i cre\u0219tere pe termen lung.<\/p><p class=\"translation-block\"><b>SEO<\/b> eficient este mai mult dec\u00e2t doar clasamente; este vorba de a oferi rezultate reale, m\u0103surabile pentru afacerea ta. Permite\u021bi-mi s\u0103 v\u0103 ajut s\u0103 v\u0103 optimiza\u021bi site-ul pentru a v\u0103 asigura c\u0103 acesta se afl\u0103 pe locul \u00eenalt \u00een motoarele de c\u0103utare, <b>atrage<\/b> mai mul\u021bi vizitatori \u0219i, \u00een cele din urm\u0103, genereaz\u0103 mai multe conversii.<\/p>\t\t\t\t\t\t\t\t<\/div>\n\t\t\t\t<\/div>\n\t\t\t\t<div class=\"elementor-element elementor-element-4f3a6f4 elementor-widget elementor-widget-spacer\" data-id=\"4f3a6f4\" data-element_type=\"widget\" data-e-type=\"widget\" data-widget_type=\"spacer.default\">\n\t\t\t\t<div class=\"elementor-widget-container\">\n\t\t\t\t\t\t\t<div class=\"elementor-spacer\">\n\t\t\t<div class=\"elementor-spacer-inner\"><\/div>\n\t\t<\/div>\n\t\t\t\t\t\t<\/div>\n\t\t\t\t<\/div>\n\t\t\t\t\t<\/div>\n\t\t\t\t<\/div>\n\t\t<div class=\"elementor-element elementor-element-ee80bcd e-flex e-con-boxed e-con e-parent\" data-id=\"ee80bcd\" data-element_type=\"container\" data-e-type=\"container\" data-settings=\"{&quot;background_background&quot;:&quot;classic&quot;}\">\n\t\t\t\t\t<div class=\"e-con-inner\">\n\t\t\t\t<div class=\"elementor-element elementor-element-1e04b68 elementor-widget elementor-widget-heading\" data-id=\"1e04b68\" data-element_type=\"widget\" data-e-type=\"widget\" data-widget_type=\"heading.default\">\n\t\t\t\t<div class=\"elementor-widget-container\">\n\t\t\t\t\t<h2 class=\"elementor-heading-title elementor-size-default\">Avantajele cheie ale SEO:\n<\/h2>\t\t\t\t<\/div>\n\t\t\t\t<\/div>\n\t\t\t\t<div class=\"elementor-element elementor-element-1a0c596 elementor-widget elementor-widget-text-editor\" data-id=\"1a0c596\" data-element_type=\"widget\" data-e-type=\"widget\" data-widget_type=\"text-editor.default\">\n\t\t\t\t<div class=\"elementor-widget-container\">\n\t\t\t\t\t\t\t\t\t<ul><li class=\"translation-block\"><strong>Clasare mai \u00eenalt\u0103 \u00een motoarele de c\u0103utare:<\/strong> \u00eembun\u0103t\u0103\u021bi\u021bi vizibilitatea site-ului dvs. pe motoarele de c\u0103utare precum Google, asigur\u00e2ndu-v\u0103 c\u0103 sunte\u021bi u\u0219or de g\u0103sit de c\u0103tre clien\u021bii poten\u021biali.<\/li><li class=\"translation-block\"><strong>Trafic organic sporit:<\/strong> atrage\u021bi mai mul\u021bi clien\u021bi poten\u021biali califica\u021bi pe site-ul dvs. prin direc\u021bionarea cuvintelor cheie cu inten\u021bie mare relevante pentru afacerea dvs.<\/li><li class=\"translation-block\"><strong>Experien\u021b\u0103 \u00eembun\u0103t\u0103\u021bit\u0103 a utilizatorului:<\/strong> \u00cembun\u0103t\u0103\u021birile SEO, cum ar fi timpii de \u00eenc\u0103rcare mai rapidi \u0219i capacitatea de r\u0103spuns pe mobil, duc la o satisfac\u021bie general\u0103 mai bun\u0103 a utilizatorilor.<\/li><li class=\"translation-block\"><strong>Marketing eficient din punct de vedere al costurilor:<\/strong> \u00een compara\u021bie cu anun\u021burile pl\u0103tite, SEO ofer\u0103 rezultate de lung\u0103 durat\u0103 care continu\u0103 s\u0103 genereze trafic \u00een timp.<\/li><li class=\"translation-block\"><strong>SEO local \u00eembun\u0103t\u0103\u021bit:<\/strong> optimiza\u021bi-v\u0103 site-ul pentru rezultatele c\u0103ut\u0103rii locale, facilit\u00e2nd g\u0103sirea companiei dvs. de c\u0103tre clien\u021bii din apropiere.<\/li><\/ul>\t\t\t\t\t\t\t\t<\/div>\n\t\t\t\t<\/div>\n\t\t\t\t<div class=\"elementor-element elementor-element-90e60da elementor-widget elementor-widget-spacer\" data-id=\"90e60da\" data-element_type=\"widget\" data-e-type=\"widget\" data-widget_type=\"spacer.default\">\n\t\t\t\t<div class=\"elementor-widget-container\">\n\t\t\t\t\t\t\t<div class=\"elementor-spacer\">\n\t\t\t<div class=\"elementor-spacer-inner\"><\/div>\n\t\t<\/div>\n\t\t\t\t\t\t<\/div>\n\t\t\t\t<\/div>\n\t\t\t\t\t<\/div>\n\t\t\t\t<\/div>\n\t\t<div class=\"elementor-element elementor-element-17f20a9 e-flex e-con-boxed e-con e-parent\" data-id=\"17f20a9\" data-element_type=\"container\" data-e-type=\"container\" data-settings=\"{&quot;background_background&quot;:&quot;classic&quot;}\">\n\t\t\t\t\t<div class=\"e-con-inner\">\n\t\t\t\t\t<\/div>\n\t\t\t\t<\/div>\n\t\t\t\t<\/div>","protected":false},"excerpt":{"rendered":"<p>Boost Your Online Visibility with Expert SEO Services In today&#8217;s competitive digital landscape, search engine optimization (SEO) is essential for driving organic traffic to your website and growing your online presence. My comprehensive SEO services focus on improving your website&#8217;s search engine rankings, increasing visibility, and attracting more targeted visitors. From on-page optimization and keyword [&hellip;]<\/p>\n","protected":false},"author":1,"featured_media":0,"parent":0,"menu_order":0,"comment_status":"closed","ping_status":"closed","template":"","meta":{"om_disable_all_campaigns":false,"_monsterinsights_skip_tracking":false,"_monsterinsights_sitenote_active":false,"_monsterinsights_sitenote_note":"","_monsterinsights_sitenote_category":0,"_uf_show_specific_survey":0,"_uf_disable_surveys":false,"footnotes":""},"class_list":["post-2147","page","type-page","status-publish","hentry"],"blocksy_meta":[],"aioseo_notices":[],"_links":{"self":[{"href":"https:\/\/intyworldweb.com\/ro\/wp-json\/wp\/v2\/pages\/2147","targetHints":{"allow":["GET"]}}],"collection":[{"href":"https:\/\/intyworldweb.com\/ro\/wp-json\/wp\/v2\/pages"}],"about":[{"href":"https:\/\/intyworldweb.com\/ro\/wp-json\/wp\/v2\/types\/page"}],"author":[{"embeddable":true,"href":"https:\/\/intyworldweb.com\/ro\/wp-json\/wp\/v2\/users\/1"}],"replies":[{"embeddable":true,"href":"https:\/\/intyworldweb.com\/ro\/wp-json\/wp\/v2\/comments?post=2147"}],"version-history":[{"count":14,"href":"https:\/\/intyworldweb.com\/ro\/wp-json\/wp\/v2\/pages\/2147\/revisions"}],"predecessor-version":[{"id":3210,"href":"https:\/\/intyworldweb.com\/ro\/wp-json\/wp\/v2\/pages\/2147\/revisions\/3210"}],"wp:attachment":[{"href":"https:\/\/intyworldweb.com\/ro\/wp-json\/wp\/v2\/media?parent=2147"}],"curies":[{"name":"wp","href":"https:\/\/api.w.org\/{rel}","templated":true}]}}