{"id":2155,"date":"2024-09-25T17:12:52","date_gmt":"2024-09-25T17:12:52","guid":{"rendered":"https:\/\/intyworldweb.com\/?page_id=2155"},"modified":"2024-09-29T10:42:57","modified_gmt":"2024-09-29T10:42:57","slug":"transform-your-digital-presence-with-custom-web-development-services","status":"publish","type":"page","link":"https:\/\/intyworldweb.com\/ro\/transform-your-digital-presence-with-custom-web-development-services\/","title":{"rendered":"Transform\u0103-\u021bi prezen\u021ba digital\u0103 cu servicii personalizate de dezvoltare web"},"content":{"rendered":"<div data-elementor-type=\"wp-page\" data-elementor-id=\"2155\" class=\"elementor elementor-2155\">\n\t\t\t\t<div class=\"elementor-element elementor-element-cbb62e1 e-flex e-con-boxed e-con e-parent\" data-id=\"cbb62e1\" data-element_type=\"container\" data-e-type=\"container\" data-settings=\"{&quot;background_background&quot;:&quot;classic&quot;}\">\n\t\t\t\t\t<div class=\"e-con-inner\">\n\t\t\t\t<div class=\"elementor-element elementor-element-48fe1f2 elementor-widget elementor-widget-spacer\" data-id=\"48fe1f2\" data-element_type=\"widget\" data-e-type=\"widget\" data-widget_type=\"spacer.default\">\n\t\t\t\t<div class=\"elementor-widget-container\">\n\t\t\t\t\t\t\t<div class=\"elementor-spacer\">\n\t\t\t<div class=\"elementor-spacer-inner\"><\/div>\n\t\t<\/div>\n\t\t\t\t\t\t<\/div>\n\t\t\t\t<\/div>\n\t\t\t\t<div class=\"elementor-element elementor-element-c2fad0b elementor-widget elementor-widget-heading\" data-id=\"c2fad0b\" data-element_type=\"widget\" data-e-type=\"widget\" data-widget_type=\"heading.default\">\n\t\t\t\t<div class=\"elementor-widget-container\">\n\t\t\t\t\t<h2 class=\"elementor-heading-title elementor-size-default\">Transform\u0103-\u021bi prezen\u021ba digital\u0103 cu servicii personalizate de dezvoltare web<\/h2>\t\t\t\t<\/div>\n\t\t\t\t<\/div>\n\t\t\t\t<div class=\"elementor-element elementor-element-5a1f0cd elementor-widget elementor-widget-spacer\" data-id=\"5a1f0cd\" data-element_type=\"widget\" data-e-type=\"widget\" data-widget_type=\"spacer.default\">\n\t\t\t\t<div class=\"elementor-widget-container\">\n\t\t\t\t\t\t\t<div class=\"elementor-spacer\">\n\t\t\t<div class=\"elementor-spacer-inner\"><\/div>\n\t\t<\/div>\n\t\t\t\t\t\t<\/div>\n\t\t\t\t<\/div>\n\t\t\t\t\t<\/div>\n\t\t\t\t<\/div>\n\t\t<div class=\"elementor-element elementor-element-c077b95 e-flex e-con-boxed e-con e-parent\" data-id=\"c077b95\" data-element_type=\"container\" data-e-type=\"container\" data-settings=\"{&quot;background_background&quot;:&quot;classic&quot;}\">\n\t\t\t\t\t<div class=\"e-con-inner\">\n\t\t\t\t<div class=\"elementor-element elementor-element-f1e067c elementor-widget elementor-widget-spacer\" data-id=\"f1e067c\" data-element_type=\"widget\" data-e-type=\"widget\" data-widget_type=\"spacer.default\">\n\t\t\t\t<div class=\"elementor-widget-container\">\n\t\t\t\t\t\t\t<div class=\"elementor-spacer\">\n\t\t\t<div class=\"elementor-spacer-inner\"><\/div>\n\t\t<\/div>\n\t\t\t\t\t\t<\/div>\n\t\t\t\t<\/div>\n\t\t\t\t<div class=\"elementor-element elementor-element-31cf468 elementor-widget elementor-widget-text-editor\" data-id=\"31cf468\" data-element_type=\"widget\" data-e-type=\"widget\" data-widget_type=\"text-editor.default\">\n\t\t\t\t<div class=\"elementor-widget-container\">\n\t\t\t\t\t\t\t\t\t<p class=\"translation-block\"><b>Un site web bine dezvoltat<\/b> este coloana vertebral\u0103 a prezen\u021bei dvs. online, ac\u021bion\u00e2nd ca punct de contact principal pentru clien\u021bii poten\u021biali. <b>Serviciile mele personalizate de dezvoltare web<\/b> sunt concepute pentru a construi site-uri web rapide, sigure \u0219i scalabile, adaptate pentru a v\u0103 \u00eendeplini obiectivele de afaceri. Indiferent dac\u0103 ave\u021bi nevoie de o <b>platform\u0103 de comer\u021b electronic<\/b>, de un site web corporativ sau de un portofoliu personal, m\u0103 concentrez pe furnizarea de solu\u021bii care sunt at\u00e2t uimitoare din punct de vedere vizual, c\u00e2t \u0219i robuste func\u021bional.<\/p>\n<p class=\"translation-block\">De la designul<b> front-end<\/b> p\u00e2n\u0103 la dezvoltarea <b>back-end<\/b>, m\u0103 asigur c\u0103 site-ul dvs. este optimizat pentru performan\u021b\u0103, experien\u021b\u0103 utilizator \u0219i vizibilitate \u00een motorul de c\u0103utare. Prin integrarea celor mai noi tehnologii \u0219i a arhitecturii <b>SEO-friendly<\/b>, site-urile web pe care le construiesc atrag trafic organic \u0219i ofer\u0103 o navigare perfect\u0103 pe toate dispozitivele. Ofer, de asemenea, asisten\u021b\u0103 \u0219i \u00eentre\u021binere continu\u0103 pentru a v\u0103 men\u021bine site-ul web actualizat \u0219i func\u021bional f\u0103r\u0103 probleme pe m\u0103sur\u0103 ce afacerea dvs. cre\u0219te.<\/p>\n<p class=\"translation-block\">Investi\u021bia \u00een dezvoltarea web profesional\u0103 este esen\u021bial\u0103 pentru construirea unei prezen\u021be online care nu numai c\u0103 arat\u0103 grozav, dar \u0219i <b>aduce rezultate<\/b>. Permite\u021bi-mi s\u0103 v\u0103 ajut s\u0103 crea\u021bi un site web de \u00eenalt\u0103 performan\u021b\u0103, care implic\u0103 utilizatorii, se claseaz\u0103 bine \u00een motoarele de c\u0103utare \u0219i v\u0103 \u00eendepline\u0219te <b>obiectivele de afaceri<\/b>.<br><\/p>\t\t\t\t\t\t\t\t<\/div>\n\t\t\t\t<\/div>\n\t\t\t\t<div class=\"elementor-element elementor-element-a2dfe8a elementor-widget elementor-widget-spacer\" data-id=\"a2dfe8a\" data-element_type=\"widget\" data-e-type=\"widget\" data-widget_type=\"spacer.default\">\n\t\t\t\t<div class=\"elementor-widget-container\">\n\t\t\t\t\t\t\t<div class=\"elementor-spacer\">\n\t\t\t<div class=\"elementor-spacer-inner\"><\/div>\n\t\t<\/div>\n\t\t\t\t\t\t<\/div>\n\t\t\t\t<\/div>\n\t\t\t\t\t<\/div>\n\t\t\t\t<\/div>\n\t\t<div class=\"elementor-element elementor-element-03c558c e-flex e-con-boxed e-con e-parent\" data-id=\"03c558c\" data-element_type=\"container\" data-e-type=\"container\" data-settings=\"{&quot;background_background&quot;:&quot;classic&quot;}\">\n\t\t\t\t\t<div class=\"e-con-inner\">\n\t\t\t\t<div class=\"elementor-element elementor-element-296d684 elementor-widget elementor-widget-heading\" data-id=\"296d684\" data-element_type=\"widget\" data-e-type=\"widget\" data-widget_type=\"heading.default\">\n\t\t\t\t<div class=\"elementor-widget-container\">\n\t\t\t\t\t<h2 class=\"elementor-heading-title elementor-size-default\">Avantajele cheie ale dezvolt\u0103rii web:\n<\/h2>\t\t\t\t<\/div>\n\t\t\t\t<\/div>\n\t\t\t\t<div class=\"elementor-element elementor-element-a92c831 elementor-widget elementor-widget-text-editor\" data-id=\"a92c831\" data-element_type=\"widget\" data-e-type=\"widget\" data-widget_type=\"text-editor.default\">\n\t\t\t\t<div class=\"elementor-widget-container\">\n\t\t\t\t\t\t\t\t\t<ul><li class=\"translation-block\"><strong>Solu\u021bii personalizate:<\/strong> site-uri web personalizate create pentru a r\u0103spunde nevoilor dvs. specifice, asigur\u00e2nd o prezen\u021b\u0103 digital\u0103 unic\u0103.<\/li><li class=\"translation-block\"><strong>Arhitectur\u0103 SEO-Friendly:<\/strong> practicile mele de dezvoltare asigur\u0103 c\u0103 site-ul dvs. este optimizat pentru motoarele de c\u0103utare de la zero, sporindu-v\u0103 vizibilitatea.<\/li><li class=\"translation-block\"><strong>Design receptiv la dispozitive mobile:<\/strong> fiecare site web este creat pentru a oferi o experien\u021b\u0103 impecabil\u0103 pe desktop-uri, tablete \u0219i smartphone-uri.<\/li><li class=\"translation-block\"><strong>Performan\u021b\u0103 \u0219i securitate \u00eenalt\u0103:<\/strong> acord prioritate vitezei, securit\u0103\u021bii \u0219i scalabilit\u0103\u021bii, pentru a ne asigura c\u0103 site-ul dvs. func\u021bioneaz\u0103 optim \u00een toate condi\u021biile.<\/li><li class=\"translation-block\"><strong>Asisten\u021b\u0103 \u0219i \u00eentre\u021binere continu\u0103:<\/strong> ofer asisten\u021b\u0103 continu\u0103 pentru a m\u0103 asigura c\u0103 site-ul dvs. r\u0103m\u00e2ne actualizat, sigur \u0219i func\u021bional.<\/li><\/ul>\t\t\t\t\t\t\t\t<\/div>\n\t\t\t\t<\/div>\n\t\t\t\t\t<\/div>\n\t\t\t\t<\/div>\n\t\t\t\t<\/div>","protected":false},"excerpt":{"rendered":"<p>Transform Your Digital Presence with Custom Web Development Services A well-developed website is the backbone of your online presence, acting as the primary touchpoint for potential customers. My custom web development services are designed to build fast, secure, and scalable websites tailored to meet your business objectives. Whether you need an e-commerce platform, a corporate [&hellip;]<\/p>\n","protected":false},"author":1,"featured_media":0,"parent":0,"menu_order":0,"comment_status":"closed","ping_status":"closed","template":"","meta":{"om_disable_all_campaigns":false,"_monsterinsights_skip_tracking":false,"_monsterinsights_sitenote_active":false,"_monsterinsights_sitenote_note":"","_monsterinsights_sitenote_category":0,"_uf_show_specific_survey":0,"_uf_disable_surveys":false,"footnotes":""},"class_list":["post-2155","page","type-page","status-publish","hentry"],"blocksy_meta":[],"aioseo_notices":[],"_links":{"self":[{"href":"https:\/\/intyworldweb.com\/ro\/wp-json\/wp\/v2\/pages\/2155","targetHints":{"allow":["GET"]}}],"collection":[{"href":"https:\/\/intyworldweb.com\/ro\/wp-json\/wp\/v2\/pages"}],"about":[{"href":"https:\/\/intyworldweb.com\/ro\/wp-json\/wp\/v2\/types\/page"}],"author":[{"embeddable":true,"href":"https:\/\/intyworldweb.com\/ro\/wp-json\/wp\/v2\/users\/1"}],"replies":[{"embeddable":true,"href":"https:\/\/intyworldweb.com\/ro\/wp-json\/wp\/v2\/comments?post=2155"}],"version-history":[{"count":10,"href":"https:\/\/intyworldweb.com\/ro\/wp-json\/wp\/v2\/pages\/2155\/revisions"}],"predecessor-version":[{"id":2221,"href":"https:\/\/intyworldweb.com\/ro\/wp-json\/wp\/v2\/pages\/2155\/revisions\/2221"}],"wp:attachment":[{"href":"https:\/\/intyworldweb.com\/ro\/wp-json\/wp\/v2\/media?parent=2155"}],"curies":[{"name":"wp","href":"https:\/\/api.w.org\/{rel}","templated":true}]}}