{"id":2270,"date":"2024-09-30T16:18:01","date_gmt":"2024-09-30T16:18:01","guid":{"rendered":"https:\/\/intyworldweb.com\/?page_id=2270"},"modified":"2024-10-04T13:17:30","modified_gmt":"2024-10-04T13:17:30","slug":"why-do-you-need-a-website","status":"publish","type":"page","link":"https:\/\/intyworldweb.com\/ro\/why-do-you-need-a-website\/","title":{"rendered":"De ce ai nevoie de un site web?"},"content":{"rendered":"<div data-elementor-type=\"wp-page\" data-elementor-id=\"2270\" class=\"elementor elementor-2270\">\n\t\t\t\t<div class=\"elementor-element elementor-element-33d86f3 e-flex e-con-boxed e-con e-parent\" data-id=\"33d86f3\" data-element_type=\"container\" data-e-type=\"container\" data-settings=\"{&quot;background_background&quot;:&quot;classic&quot;}\">\n\t\t\t\t\t<div class=\"e-con-inner\">\n\t\t\t\t<div class=\"elementor-element elementor-element-2521e33 elementor-widget elementor-widget-spacer\" data-id=\"2521e33\" data-element_type=\"widget\" data-e-type=\"widget\" data-widget_type=\"spacer.default\">\n\t\t\t\t<div class=\"elementor-widget-container\">\n\t\t\t\t\t\t\t<div class=\"elementor-spacer\">\n\t\t\t<div class=\"elementor-spacer-inner\"><\/div>\n\t\t<\/div>\n\t\t\t\t\t\t<\/div>\n\t\t\t\t<\/div>\n\t\t\t\t<div class=\"elementor-element elementor-element-20f396e elementor-widget elementor-widget-heading\" data-id=\"20f396e\" data-element_type=\"widget\" data-e-type=\"widget\" data-widget_type=\"heading.default\">\n\t\t\t\t<div class=\"elementor-widget-container\">\n\t\t\t\t\t<h2 class=\"elementor-heading-title elementor-size-default\">De ce ai nevoie de un site web?\n<\/h2>\t\t\t\t<\/div>\n\t\t\t\t<\/div>\n\t\t\t\t<div class=\"elementor-element elementor-element-17aef24 elementor-widget elementor-widget-spacer\" data-id=\"17aef24\" data-element_type=\"widget\" data-e-type=\"widget\" data-widget_type=\"spacer.default\">\n\t\t\t\t<div class=\"elementor-widget-container\">\n\t\t\t\t\t\t\t<div class=\"elementor-spacer\">\n\t\t\t<div class=\"elementor-spacer-inner\"><\/div>\n\t\t<\/div>\n\t\t\t\t\t\t<\/div>\n\t\t\t\t<\/div>\n\t\t\t\t<div class=\"elementor-element elementor-element-a0a4e7b elementor-widget elementor-widget-text-editor\" data-id=\"a0a4e7b\" data-element_type=\"widget\" data-e-type=\"widget\" data-widget_type=\"text-editor.default\">\n\t\t\t\t<div class=\"elementor-widget-container\">\n\t\t\t\t\t\t\t\t\t<p><strong>\u00cen peisajul digital extrem de competitiv de ast\u0103zi, a avea un site web nu mai este un lux, ci o necesitate pentru companii \u0219i profesioni\u0219ti. Un site web ac\u021bioneaz\u0103 ca fundament al prezen\u021bei tale online, ajut\u00e2ndu-te s\u0103 ajungi \u0219i s\u0103 interac\u021bionezi cu publicul \u021bint\u0103 mai eficient ca niciodat\u0103. Indiferent dac\u0103 sunte\u021bi o afacere mic\u0103, antreprenor, liber profesionist sau o mare corpora\u021bie, a avea un site web profesional este esen\u021bial pentru a v\u0103 remarca pe pia\u021ba aglomerat\u0103.<\/strong><\/p>\t\t\t\t\t\t\t\t<\/div>\n\t\t\t\t<\/div>\n\t\t\t\t<div class=\"elementor-element elementor-element-f76ac06 elementor-widget elementor-widget-spacer\" data-id=\"f76ac06\" data-element_type=\"widget\" data-e-type=\"widget\" data-widget_type=\"spacer.default\">\n\t\t\t\t<div class=\"elementor-widget-container\">\n\t\t\t\t\t\t\t<div class=\"elementor-spacer\">\n\t\t\t<div class=\"elementor-spacer-inner\"><\/div>\n\t\t<\/div>\n\t\t\t\t\t\t<\/div>\n\t\t\t\t<\/div>\n\t\t\t\t\t<\/div>\n\t\t\t\t<\/div>\n\t\t<div class=\"elementor-element elementor-element-b73976f e-flex e-con-boxed e-con e-parent\" data-id=\"b73976f\" data-element_type=\"container\" data-e-type=\"container\" data-settings=\"{&quot;background_background&quot;:&quot;classic&quot;}\">\n\t\t\t\t\t<div class=\"e-con-inner\">\n\t\t<div class=\"elementor-element elementor-element-7f6c7ad e-con-full e-flex e-con e-child\" data-id=\"7f6c7ad\" data-element_type=\"container\" data-e-type=\"container\">\n\t\t\t\t<div class=\"elementor-element elementor-element-8d79b4a elementor-widget elementor-widget-spacer\" data-id=\"8d79b4a\" data-element_type=\"widget\" data-e-type=\"widget\" data-widget_type=\"spacer.default\">\n\t\t\t\t<div class=\"elementor-widget-container\">\n\t\t\t\t\t\t\t<div class=\"elementor-spacer\">\n\t\t\t<div class=\"elementor-spacer-inner\"><\/div>\n\t\t<\/div>\n\t\t\t\t\t\t<\/div>\n\t\t\t\t<\/div>\n\t\t\t\t<div class=\"elementor-element elementor-element-3847186 elementor-widget elementor-widget-image\" data-id=\"3847186\" data-element_type=\"widget\" data-e-type=\"widget\" data-widget_type=\"image.default\">\n\t\t\t\t<div class=\"elementor-widget-container\">\n\t\t\t\t\t\t\t\t\t\t\t\t\t\t\t<img fetchpriority=\"high\" decoding=\"async\" width=\"1024\" height=\"575\" src=\"https:\/\/intyworldweb.com\/wp-content\/uploads\/2024\/09\/Trust.png\" class=\"attachment-large size-large wp-image-2346\" alt=\"\" srcset=\"https:\/\/intyworldweb.com\/wp-content\/uploads\/2024\/09\/Trust.png 1025w, https:\/\/intyworldweb.com\/wp-content\/uploads\/2024\/09\/Trust-300x169.png 300w, https:\/\/intyworldweb.com\/wp-content\/uploads\/2024\/09\/Trust-768x432.png 768w\" sizes=\"(max-width: 1024px) 100vw, 1024px\" \/>\t\t\t\t\t\t\t\t\t\t\t\t\t\t\t<\/div>\n\t\t\t\t<\/div>\n\t\t\t\t<\/div>\n\t\t<div class=\"elementor-element elementor-element-21ac0bd e-con-full e-flex e-con e-child\" data-id=\"21ac0bd\" data-element_type=\"container\" data-e-type=\"container\">\n\t\t\t\t<div class=\"elementor-element elementor-element-6d8230c elementor-widget elementor-widget-spacer\" data-id=\"6d8230c\" data-element_type=\"widget\" data-e-type=\"widget\" data-widget_type=\"spacer.default\">\n\t\t\t\t<div class=\"elementor-widget-container\">\n\t\t\t\t\t\t\t<div class=\"elementor-spacer\">\n\t\t\t<div class=\"elementor-spacer-inner\"><\/div>\n\t\t<\/div>\n\t\t\t\t\t\t<\/div>\n\t\t\t\t<\/div>\n\t\t\t\t<div class=\"elementor-element elementor-element-a762412 elementor-widget elementor-widget-heading\" data-id=\"a762412\" data-element_type=\"widget\" data-e-type=\"widget\" data-widget_type=\"heading.default\">\n\t\t\t\t<div class=\"elementor-widget-container\">\n\t\t\t\t\t<h2 class=\"elementor-heading-title elementor-size-default\">1. Construi\u021bi \u00eencredere \u0219i credibilitate\n<\/h2>\t\t\t\t<\/div>\n\t\t\t\t<\/div>\n\t\t\t\t<div class=\"elementor-element elementor-element-4038eda elementor-widget elementor-widget-text-editor\" data-id=\"4038eda\" data-element_type=\"widget\" data-e-type=\"widget\" data-widget_type=\"text-editor.default\">\n\t\t\t\t<div class=\"elementor-widget-container\">\n\t\t\t\t\t\t\t\t\t<p class=\"translation-block\">\u00centr-o epoc\u0103 \u00een care consumatorii apeleaz\u0103 la internet pentru aproape orice decizie, av\u00e2nd un site web profesional <b>bine conceput<\/b> v\u0103 spore\u0219te <b>credibilitatea<\/b>. Atunci c\u00e2nd clien\u021bii poten\u021biali \u00ee\u021bi cerceteaz\u0103 marca online, absen\u021ba unui site web ar putea ridica \u00eendoieli cu privire la legitimitatea afacerii tale. Un site web v\u0103 permite s\u0103 v\u0103 prezenta\u021bi experien\u021ba, s\u0103 prezenta\u021bi m\u0103rturii ale clien\u021bilor, s\u0103 furniza\u021bi informa\u021bii detaliate despre produse sau servicii \u0219i s\u0103 v\u0103 eviden\u021bia\u021bi <b>realiz\u0103rile<\/b>, toate acestea contribuind la <b>consolidarea \u00eencrederii<\/b>.<\/p>\t\t\t\t\t\t\t\t<\/div>\n\t\t\t\t<\/div>\n\t\t\t\t<div class=\"elementor-element elementor-element-b7a7305 elementor-widget elementor-widget-spacer\" data-id=\"b7a7305\" data-element_type=\"widget\" data-e-type=\"widget\" data-widget_type=\"spacer.default\">\n\t\t\t\t<div class=\"elementor-widget-container\">\n\t\t\t\t\t\t\t<div class=\"elementor-spacer\">\n\t\t\t<div class=\"elementor-spacer-inner\"><\/div>\n\t\t<\/div>\n\t\t\t\t\t\t<\/div>\n\t\t\t\t<\/div>\n\t\t\t\t<\/div>\n\t\t\t\t\t<\/div>\n\t\t\t\t<\/div>\n\t\t<div class=\"elementor-element elementor-element-9503750 e-flex e-con-boxed e-con e-parent\" data-id=\"9503750\" data-element_type=\"container\" data-e-type=\"container\" data-settings=\"{&quot;background_background&quot;:&quot;classic&quot;}\">\n\t\t\t\t\t<div class=\"e-con-inner\">\n\t\t<div class=\"elementor-element elementor-element-d1c0ba0 e-con-full e-flex e-con e-child\" data-id=\"d1c0ba0\" data-element_type=\"container\" data-e-type=\"container\">\n\t\t\t\t<div class=\"elementor-element elementor-element-484e471 elementor-widget elementor-widget-heading\" data-id=\"484e471\" data-element_type=\"widget\" data-e-type=\"widget\" data-widget_type=\"heading.default\">\n\t\t\t\t<div class=\"elementor-widget-container\">\n\t\t\t\t\t<h2 class=\"elementor-heading-title elementor-size-default\">2. Ajunge\u021bi la un public mai larg \u0219i global\n<\/h2>\t\t\t\t<\/div>\n\t\t\t\t<\/div>\n\t\t\t\t<div class=\"elementor-element elementor-element-0e64493 elementor-widget elementor-widget-text-editor\" data-id=\"0e64493\" data-element_type=\"widget\" data-e-type=\"widget\" data-widget_type=\"text-editor.default\">\n\t\t\t\t<div class=\"elementor-widget-container\">\n\t\t\t\t\t\t\t\t\t<p class=\"translation-block\"><span style=\"font-family: inherit;font-size: inherit;font-style: inherit;font-weight: inherit;var(--theme-text-transform)\">Un site web v\u0103 permite s\u0103 ajunge\u021bi la un public global, cu mult dincolo de limit\u0103rile marketingului local tradi\u021bional. Cu un <\/span><span style=\"font-family: inherit;font-size: inherit;font-style: inherit;var(--theme-text-transform)\"><b>bine optimizat<\/b><\/span><span style=\"font-family: inherit font-size: inherit;var(--theme-letter-spacing);text-transform: var(--theme-text-transform)\"> site-ul web, oricine v\u0103 poate g\u0103si afacerea indiferent de loca\u021bie, ajut\u00e2ndu-v\u0103 s\u0103 accesa\u021bi noi pie\u021be \u0219i s\u0103 v\u0103 dezvolta\u021bi clien\u021bii baza. Datorit\u0103 <\/span><span style=\"font-family: inherit;font-size: inherit;font-style: inherit;var(--theme-text-transform)\"><b>optimizarea motorului de c\u0103utare (SEO)<\/b><\/span><span style=\"font-family: inherit font-size: inherit;var(--theme-letter-spacing);text-transform: var(--theme-text-transform)\">, site-ul dvs. se poate clasa mai sus \u00een rezultatele motorului de c\u0103utare, cresc\u00e2nd \u0219ansele dvs. <\/span><span style=\"font-family: inherit;font-size: inherit;font-style: inherit;background-color: var(--theme-palette-color-8)\"><b>publicul \u021bint\u0103; <\/b><\/span><span style=\"font-family: inherit;font-style: mo\u0219tenire;font-weight: mostenire;text-transform: var(--theme-text-transform)\"> descoperirea companiei dvs. \u00een mod organic.<\/span><\/p>\t\t\t\t\t\t\t\t<\/div>\n\t\t\t\t<\/div>\n\t\t\t\t<\/div>\n\t\t<div class=\"elementor-element elementor-element-c637c50 e-con-full e-flex e-con e-child\" data-id=\"c637c50\" data-element_type=\"container\" data-e-type=\"container\">\n\t\t\t\t<div class=\"elementor-element elementor-element-021ef13 elementor-widget elementor-widget-heading\" data-id=\"021ef13\" data-element_type=\"widget\" data-e-type=\"widget\" data-widget_type=\"heading.default\">\n\t\t\t\t<div class=\"elementor-widget-container\">\n\t\t\t\t\t<h2 class=\"elementor-heading-title elementor-size-default\">3. Accesibilitate 24\/7 \u0219i implicarea clien\u021bilor\n<\/h2>\t\t\t\t<\/div>\n\t\t\t\t<\/div>\n\t\t\t\t<div class=\"elementor-element elementor-element-4824978 elementor-widget elementor-widget-text-editor\" data-id=\"4824978\" data-element_type=\"widget\" data-e-type=\"widget\" data-widget_type=\"text-editor.default\">\n\t\t\t\t<div class=\"elementor-widget-container\">\n\t\t\t\t\t\t\t\t\t<p class=\"translation-block\">Unul dintre cele mai mari avantaje ale unui site web este c\u0103 acesta este disponibil <b>24\/7<\/b>. Spre deosebire de un magazin sau birou fizic, site-ul dvs. nu se \u00eenchide niciodat\u0103, oferind <b>accesibilitate<\/b> non-stop clien\u021bilor care doresc s\u0103 afle mai multe despre produsele sau serviciile dvs. Acest lucru \u00eembun\u0103t\u0103\u021be\u0219te implicarea clien\u021bilor \u0219i le permite vizitatorilor s\u0103 interac\u021bioneze cu marca dvs. \u00een mod convenabil, fie prin citirea blogurilor, r\u0103sfoirea produselor sau contact\u00e2ndu-v\u0103 prin intermediul formularelor online. Un <b>site de comer\u021b electronic<\/b> poate chiar s\u0103 permit\u0103 clien\u021bilor s\u0103 fac\u0103 achizi\u021bii \u00een orice moment, stimul\u00e2nd v\u00e2nz\u0103ri continue.<\/p>\t\t\t\t\t\t\t\t<\/div>\n\t\t\t\t<\/div>\n\t\t\t\t<div class=\"elementor-element elementor-element-1601ebd elementor-widget elementor-widget-spacer\" data-id=\"1601ebd\" data-element_type=\"widget\" data-e-type=\"widget\" data-widget_type=\"spacer.default\">\n\t\t\t\t<div class=\"elementor-widget-container\">\n\t\t\t\t\t\t\t<div class=\"elementor-spacer\">\n\t\t\t<div class=\"elementor-spacer-inner\"><\/div>\n\t\t<\/div>\n\t\t\t\t\t\t<\/div>\n\t\t\t\t<\/div>\n\t\t\t\t<\/div>\n\t\t<div class=\"elementor-element elementor-element-c30e5da e-con-full e-flex e-con e-child\" data-id=\"c30e5da\" data-element_type=\"container\" data-e-type=\"container\">\n\t\t\t\t<div class=\"elementor-element elementor-element-d802f04 elementor-widget elementor-widget-heading\" data-id=\"d802f04\" data-element_type=\"widget\" data-e-type=\"widget\" data-widget_type=\"heading.default\">\n\t\t\t\t<div class=\"elementor-widget-container\">\n\t\t\t\t\t<h2 class=\"elementor-heading-title elementor-size-default\">4. Marketing rentabil\n<\/h2>\t\t\t\t<\/div>\n\t\t\t\t<\/div>\n\t\t\t\t<div class=\"elementor-element elementor-element-edb904f elementor-widget elementor-widget-text-editor\" data-id=\"edb904f\" data-element_type=\"widget\" data-e-type=\"widget\" data-widget_type=\"text-editor.default\">\n\t\t\t\t<div class=\"elementor-widget-container\">\n\t\t\t\t\t\t\t\t\t<p class=\"translation-block\">\u00cen compara\u021bie cu metodele tradi\u021bionale de publicitate, un site web este un instrument de marketing rentabil. Pute\u021bi folosi <b>strategiile SEO<\/b>, marketingul de con\u021binut \u0219i integrarea re\u021belelor sociale pentru a genera trafic organic c\u0103tre site-ul dvs. f\u0103r\u0103 a fi nevoie de publicitate constant\u0103. Prin crearea de con\u021binut valoros, cum ar fi bloguri, <b>\u00centreb\u0103ri frecvente<\/b> \u0219i pagini informative, v\u0103 pute\u021bi pozi\u021biona afacerea ca lider \u00een industrie, sporind \u00een acela\u0219i timp vizibilitatea site-ului dvs. pe <b>motoarele de c\u0103utare<\/b>. Acest lucru cre\u0219te probabilitatea de a genera clien\u021bi poten\u021biali \u0219i de a converti vizitatorii \u00een clien\u021bi.<\/p>\t\t\t\t\t\t\t\t<\/div>\n\t\t\t\t<\/div>\n\t\t\t\t<\/div>\n\t\t<div class=\"elementor-element elementor-element-455cd08 e-con-full e-flex e-con e-child\" data-id=\"455cd08\" data-element_type=\"container\" data-e-type=\"container\">\n\t\t\t\t<div class=\"elementor-element elementor-element-c73df9d elementor-widget elementor-widget-heading\" data-id=\"c73df9d\" data-element_type=\"widget\" data-e-type=\"widget\" data-widget_type=\"heading.default\">\n\t\t\t\t<div class=\"elementor-widget-container\">\n\t\t\t\t\t<h2 class=\"elementor-heading-title elementor-size-default\">5. Experien\u021b\u0103 \u00eembun\u0103t\u0103\u021bit\u0103 a clien\u021bilor<\/h2>\t\t\t\t<\/div>\n\t\t\t\t<\/div>\n\t\t\t\t<div class=\"elementor-element elementor-element-912426c elementor-widget elementor-widget-text-editor\" data-id=\"912426c\" data-element_type=\"widget\" data-e-type=\"widget\" data-widget_type=\"text-editor.default\">\n\t\t\t\t<div class=\"elementor-widget-container\">\n\t\t\t\t\t\t\t\t\t<p class=\"translation-block\">Un site web <b>bine structurat<\/b>, u\u0219or de navigat, \u00eembun\u0103t\u0103\u021be\u0219te experien\u021ba general\u0103 a utilizatorului, f\u0103c\u00e2nd mai u\u0219or pentru clien\u021bii poten\u021biali s\u0103 g\u0103seasc\u0103 ceea ce au nevoie. Pute\u021bi furniza informa\u021bii esen\u021biale, cum ar fi programul de lucru, loca\u021bia, detaliile produsului \u0219i pre\u021burile, care pot simplifica procesul de luare a deciziilor pentru vizitatori. \u00cencorporarea celor mai bune practici de <b>SEO<\/b>, cum ar fi optimizarea site-ului dvs. pentru dispozitive mobile \u0219i asigurarea timpilor de \u00eenc\u0103rcare rapid, \u00eembun\u0103t\u0103\u021be\u0219te, de asemenea, <b>clasamentul site-ului dvs. pe motoarele de c\u0103utare<\/b> \u0219i ofer\u0103 o experien\u021b\u0103 mai fluid\u0103 pentru utilizatori.<\/p>\t\t\t\t\t\t\t\t<\/div>\n\t\t\t\t<\/div>\n\t\t\t\t<\/div>\n\t\t<div class=\"elementor-element elementor-element-5047f3a e-con-full e-flex e-con e-child\" data-id=\"5047f3a\" data-element_type=\"container\" data-e-type=\"container\" data-settings=\"{&quot;background_background&quot;:&quot;classic&quot;}\">\n\t\t\t\t<\/div>\n\t\t\t\t\t<\/div>\n\t\t\t\t<\/div>\n\t\t<div class=\"elementor-element elementor-element-b2562e4 e-flex e-con-boxed e-con e-parent\" data-id=\"b2562e4\" data-element_type=\"container\" data-e-type=\"container\">\n\t\t\t\t\t<div class=\"e-con-inner\">\n\t\t<div class=\"elementor-element elementor-element-bc11267 e-con-full e-flex e-con e-child\" data-id=\"bc11267\" data-element_type=\"container\" data-e-type=\"container\">\n\t\t\t\t<div class=\"elementor-element elementor-element-3492f8a elementor-widget elementor-widget-spacer\" data-id=\"3492f8a\" data-element_type=\"widget\" data-e-type=\"widget\" data-widget_type=\"spacer.default\">\n\t\t\t\t<div class=\"elementor-widget-container\">\n\t\t\t\t\t\t\t<div class=\"elementor-spacer\">\n\t\t\t<div class=\"elementor-spacer-inner\"><\/div>\n\t\t<\/div>\n\t\t\t\t\t\t<\/div>\n\t\t\t\t<\/div>\n\t\t\t\t<div class=\"elementor-element elementor-element-4109ece elementor-widget elementor-widget-image\" data-id=\"4109ece\" data-element_type=\"widget\" data-e-type=\"widget\" data-widget_type=\"image.default\">\n\t\t\t\t<div class=\"elementor-widget-container\">\n\t\t\t\t\t\t\t\t\t\t\t\t\t\t\t<img decoding=\"async\" width=\"1024\" height=\"549\" src=\"https:\/\/intyworldweb.com\/wp-content\/uploads\/2024\/09\/Community-1024x549.jpg\" class=\"attachment-large size-large wp-image-2306\" alt=\"Why I need a Website\" srcset=\"https:\/\/intyworldweb.com\/wp-content\/uploads\/2024\/09\/Community-1024x549.jpg 1024w, https:\/\/intyworldweb.com\/wp-content\/uploads\/2024\/09\/Community-300x161.jpg 300w, https:\/\/intyworldweb.com\/wp-content\/uploads\/2024\/09\/Community-768x412.jpg 768w, https:\/\/intyworldweb.com\/wp-content\/uploads\/2024\/09\/Community-1536x823.jpg 1536w, https:\/\/intyworldweb.com\/wp-content\/uploads\/2024\/09\/Community.jpg 1920w\" sizes=\"(max-width: 1024px) 100vw, 1024px\" \/>\t\t\t\t\t\t\t\t\t\t\t\t\t\t\t<\/div>\n\t\t\t\t<\/div>\n\t\t\t\t<\/div>\n\t\t<div class=\"elementor-element elementor-element-64e9f2d e-con-full e-flex e-con e-child\" data-id=\"64e9f2d\" data-element_type=\"container\" data-e-type=\"container\">\n\t\t\t\t<div class=\"elementor-element elementor-element-a0ff161 elementor-widget elementor-widget-spacer\" data-id=\"a0ff161\" data-element_type=\"widget\" data-e-type=\"widget\" data-widget_type=\"spacer.default\">\n\t\t\t\t<div class=\"elementor-widget-container\">\n\t\t\t\t\t\t\t<div class=\"elementor-spacer\">\n\t\t\t<div class=\"elementor-spacer-inner\"><\/div>\n\t\t<\/div>\n\t\t\t\t\t\t<\/div>\n\t\t\t\t<\/div>\n\t\t\t\t<div class=\"elementor-element elementor-element-408b08f elementor-widget elementor-widget-heading\" data-id=\"408b08f\" data-element_type=\"widget\" data-e-type=\"widget\" data-widget_type=\"heading.default\">\n\t\t\t\t<div class=\"elementor-widget-container\">\n\t\t\t\t\t<h2 class=\"elementor-heading-title elementor-size-default\">6. Date \u0219i perspective\n<\/h2>\t\t\t\t<\/div>\n\t\t\t\t<\/div>\n\t\t\t\t<div class=\"elementor-element elementor-element-61ba905 elementor-widget elementor-widget-text-editor\" data-id=\"61ba905\" data-element_type=\"widget\" data-e-type=\"widget\" data-widget_type=\"text-editor.default\">\n\t\t\t\t<div class=\"elementor-widget-container\">\n\t\t\t\t\t\t\t\t\t<p class=\"translation-block\">Un site web v\u0103 ofer\u0103 acces la informa\u021bii \u0219i analize <b>valoroase <\/b>. Pute\u021bi urm\u0103ri comportamentul utilizatorilor, pute\u021bi vedea care pagini genereaz\u0103 cel mai mult trafic, pute\u021bi monitoriza ratele de conversie \u0219i pute\u021bi aduna date demografice despre vizitatorii dvs. Aceste date v\u0103 pot informa <b>strategiile de marketing<\/b> \u0219i v\u0103 pot ajuta s\u0103 v\u0103 \u00eembun\u0103t\u0103\u021bi\u021bi abordarea \u00een timp. Actualiz\u00e2ndu-v\u0103 \u00een mod regulat site-ul web cu con\u021binut nou \u0219i optimiz\u00e2ndu-l pe baza analizelor, pute\u021bi continua s\u0103 v\u0103 \u00eembun\u0103t\u0103\u021bi\u021bi <b>performan\u021ba SEO <\/b> \u0219i s\u0103 atrage\u021bi mai mul\u021bi vizitatori.<\/p>\t\t\t\t\t\t\t\t<\/div>\n\t\t\t\t<\/div>\n\t\t\t\t<div class=\"elementor-element elementor-element-569b7f8 elementor-widget elementor-widget-spacer\" data-id=\"569b7f8\" data-element_type=\"widget\" data-e-type=\"widget\" data-widget_type=\"spacer.default\">\n\t\t\t\t<div class=\"elementor-widget-container\">\n\t\t\t\t\t\t\t<div class=\"elementor-spacer\">\n\t\t\t<div class=\"elementor-spacer-inner\"><\/div>\n\t\t<\/div>\n\t\t\t\t\t\t<\/div>\n\t\t\t\t<\/div>\n\t\t\t\t<\/div>\n\t\t\t\t\t<\/div>\n\t\t\t\t<\/div>\n\t\t<div class=\"elementor-element elementor-element-35bdafd e-flex e-con-boxed e-con e-parent\" data-id=\"35bdafd\" data-element_type=\"container\" data-e-type=\"container\">\n\t\t\t\t\t<div class=\"e-con-inner\">\n\t\t\t\t<div class=\"elementor-element elementor-element-048ad5d elementor-widget elementor-widget-heading\" data-id=\"048ad5d\" data-element_type=\"widget\" data-e-type=\"widget\" data-widget_type=\"heading.default\">\n\t\t\t\t<div class=\"elementor-widget-container\">\n\t\t\t\t\t<h2 class=\"elementor-heading-title elementor-size-default\">Concluzie: Un site web este esen\u021bial pentru cre\u0219tere\n<\/h2>\t\t\t\t<\/div>\n\t\t\t\t<\/div>\n\t\t\t\t<div class=\"elementor-element elementor-element-67e27f7 elementor-widget elementor-widget-text-editor\" data-id=\"67e27f7\" data-element_type=\"widget\" data-e-type=\"widget\" data-widget_type=\"text-editor.default\">\n\t\t\t\t<div class=\"elementor-widget-container\">\n\t\t\t\t\t\t\t\t\t<p class=\"translation-block\">\u00cen cele din urm\u0103, un site web este cel mai puternic activ digital al afacerii tale. Nu numai c\u0103 v\u0103 stabile\u0219te marca online, dar \u0219i <b>impulseaz\u0103 cre\u0219terea<\/b>, facilit\u00e2nd clien\u021bilor poten\u021biali s\u0103 v\u0103 g\u0103seasc\u0103 \u0219i s\u0103 v\u0103 interac\u021bioneze. Cu tacticile SEO potrivite, site-ul dvs. poate cre\u0219te \u00een clasamentele de c\u0103utare, f\u0103c\u00e2nd afacerea dvs. mai vizibil\u0103 \u0219i mai accesibil\u0103. Indiferent dac\u0103 dori\u021bi s\u0103 cre\u0219te\u021bi gradul de cunoa\u0219tere a m\u0103rcii, s\u0103 <b>genera\u021bi clien\u021bi poten\u021biali<\/b> sau s\u0103 cre\u0219te\u021bi v\u00e2nz\u0103rile, un site web proiectat profesional, <b>optimizat SEO <\/b> este cheia succesului pe termen lung \u00een lumea digital\u0103 .<\/p>\t\t\t\t\t\t\t\t<\/div>\n\t\t\t\t<\/div>\n\t\t\t\t\t<\/div>\n\t\t\t\t<\/div>\n\t\t\t\t<\/div>","protected":false},"excerpt":{"rendered":"<p>Why Do You Need a Website? In today\u2019s highly competitive digital landscape, having a website is no longer a luxury but a necessity for businesses and professionals. A website acts as the foundation of your online presence, helping you reach and engage with your target audience more effectively than ever. Whether you\u2019re a small business, [&hellip;]<\/p>\n","protected":false},"author":1,"featured_media":0,"parent":0,"menu_order":0,"comment_status":"closed","ping_status":"closed","template":"","meta":{"om_disable_all_campaigns":false,"_monsterinsights_skip_tracking":false,"_monsterinsights_sitenote_active":false,"_monsterinsights_sitenote_note":"","_monsterinsights_sitenote_category":0,"_uf_show_specific_survey":0,"_uf_disable_surveys":false,"footnotes":""},"class_list":["post-2270","page","type-page","status-publish","hentry"],"blocksy_meta":[],"aioseo_notices":[],"_links":{"self":[{"href":"https:\/\/intyworldweb.com\/ro\/wp-json\/wp\/v2\/pages\/2270","targetHints":{"allow":["GET"]}}],"collection":[{"href":"https:\/\/intyworldweb.com\/ro\/wp-json\/wp\/v2\/pages"}],"about":[{"href":"https:\/\/intyworldweb.com\/ro\/wp-json\/wp\/v2\/types\/page"}],"author":[{"embeddable":true,"href":"https:\/\/intyworldweb.com\/ro\/wp-json\/wp\/v2\/users\/1"}],"replies":[{"embeddable":true,"href":"https:\/\/intyworldweb.com\/ro\/wp-json\/wp\/v2\/comments?post=2270"}],"version-history":[{"count":84,"href":"https:\/\/intyworldweb.com\/ro\/wp-json\/wp\/v2\/pages\/2270\/revisions"}],"predecessor-version":[{"id":2472,"href":"https:\/\/intyworldweb.com\/ro\/wp-json\/wp\/v2\/pages\/2270\/revisions\/2472"}],"wp:attachment":[{"href":"https:\/\/intyworldweb.com\/ro\/wp-json\/wp\/v2\/media?parent=2270"}],"curies":[{"name":"wp","href":"https:\/\/api.w.org\/{rel}","templated":true}]}}