{"id":3244,"date":"2025-03-10T08:05:51","date_gmt":"2025-03-10T08:05:51","guid":{"rendered":"https:\/\/intyworldweb.com\/?page_id=3244"},"modified":"2025-03-10T09:00:38","modified_gmt":"2025-03-10T09:00:38","slug":"blog","status":"publish","type":"page","link":"https:\/\/intyworldweb.com\/ro\/blog\/","title":{"rendered":"BLOG"},"content":{"rendered":"<div data-elementor-type=\"wp-page\" data-elementor-id=\"3244\" class=\"elementor elementor-3244\">\n\t\t\t\t<div class=\"elementor-element elementor-element-131927d e-flex e-con-boxed e-con e-parent\" data-id=\"131927d\" data-element_type=\"container\" data-e-type=\"container\">\n\t\t\t\t\t<div class=\"e-con-inner\">\n\t\t\t\t<div class=\"elementor-element elementor-element-20e659a text-center elementor-widget elementor-widget-tp-heading-title\" data-id=\"20e659a\" data-element_type=\"widget\" data-e-type=\"widget\" data-widget_type=\"tp-heading-title.default\">\n\t\t\t\t<div class=\"elementor-widget-container\">\n\t\t\t\t\t<div class=\"heading heading_style heading_style6a004d7473d82 style-5 animate-general\"  data-animate-type=\"transition.flipYIn\" data-animate-delay=\"50\" data-animate-offset=\"85%\" data-tp-gsap-heading-text=\"\" data-tp-gsap-sub-heading-text=\"\"><div class=\"sub-style\" ><div class=\"head-title\" > <h1  class=\"heading-title\"  data-hover=\"BLOG\">BLOG<\/h1><\/div><\/div><\/div>\t\t\t\t<\/div>\n\t\t\t\t<\/div>\n\t\t\t\t<div class=\"elementor-element elementor-element-e49ba7b elementor-widget elementor-widget-tp-blog-listout\" data-id=\"e49ba7b\" data-element_type=\"widget\" data-e-type=\"widget\" data-widget_type=\"tp-blog-listout.default\">\n\t\t\t\t<div class=\"elementor-widget-container\">\n\t\t\t\t\t<div id=\"pt-plus-blog-post-list\" class=\"blog-list post6a004d747706b  list-isotope-metro  blog-style-1 hover-image-style-1\"  data-layout-type=\"metro\"  data-metro-columns=\"3\"  data-metro-style=\"style-1\"   data-id=\"post6a004d747706b\" data-style=\"style-1\"  data-enable-isotope=\"1\"><div id=\"post6a004d747706b\" class=\"tp-row post-inner-loop post6a004d747706b\"><div class=\"grid-item metro-item1\"><article id=\"post-444\" class=\"post-444 post type-post status-publish format-standard has-post-thumbnail hentry category-blog\">\n\t<div class=\"blog-list-content\">\n\t\t\t\t<div class=\"post-content-bottom\">\n\t\t\t\t\t\t\t<div class=\"post-meta-info style-1\">\n\t\t\t\t\t<span class=\"meta-date\"><a href=\"https:\/\/intyworldweb.com\/ro\/portofolio\/\"><span class=\"entry-date\">iulie 5, 2021<\/span><\/a><\/span>\n<\/a><\/span>\n\t\t\t\t\t<span>|<\/span> <span class=\"post-author\">\n\t\t\t\t\t\tBy  \n\t\t\t\t\t\t<a href=\"https:\/\/intyworldweb.com\/ro\/author\/radusan\/\" rel=\"author\" class=\"fn\">\n\t\t\t\t\t\tIntyWW\t\t\t<\/a><\/span>\n\t\t\t\t<\/div>\n\t\t\t\t<h3 class=\"post-title\">\n\t<a href=\"https:\/\/intyworldweb.com\/ro\/portofolio\/\">PORTOFOLIO<\/a>\n<\/h3>\n\t\t\t<div class=\"post-hover-content\">\n\t\t\t\t\n<div class=\"entry-content\">\n\t<p>Portofolio Page speed insights I recently ran a PageSpeed Insights test to evaluate my website&#8217;s loading speed on both mobile and desktop. The results provide valuable insights into performance,...<\/p>\n<\/div>\n\t\t\t<\/div>\n\t\t<\/div>\n\t\t\t\t<a href=\"https:\/\/intyworldweb.com\/ro\/portofolio\/\"><div class=\"blog-bg-image-metro\" style=\"background-image:url(https:\/\/intyworldweb.com\/wp-content\/uploads\/2021\/07\/krisztian-tabori-IyaNci0CyRk-unsplash.jpg);\"><\/div><\/a>\n\t\t\t<\/div>\n<\/article>\n<\/div><div class=\"grid-item metro-item2\"><article id=\"post-441\" class=\"post-441 post type-post status-publish format-standard has-post-thumbnail hentry category-blog\">\n\t<div class=\"blog-list-content\">\n\t\t\t\t<div class=\"post-content-bottom\">\n\t\t\t\t\t\t\t<div class=\"post-meta-info style-1\">\n\t\t\t\t\t<span class=\"meta-date\"><a href=\"https:\/\/intyworldweb.com\/ro\/transform-your-digital-presence-with-custom-web-development-services\/\"><span class=\"entry-date\">iulie 5, 2021<\/span><\/a><\/span>\n<\/a><\/span>\n\t\t\t\t\t<span>|<\/span> <span class=\"post-author\">\n\t\t\t\t\t\tBy  \n\t\t\t\t\t\t<a href=\"https:\/\/intyworldweb.com\/ro\/author\/radusan\/\" rel=\"author\" class=\"fn\">\n\t\t\t\t\t\tIntyWW\t\t\t<\/a><\/span>\n\t\t\t\t<\/div>\n\t\t\t\t<h3 class=\"post-title\">\n\t<a href=\"https:\/\/intyworldweb.com\/ro\/transform-your-digital-presence-with-custom-web-development-services\/\">Transform\u0103-\u021bi prezen\u021ba digital\u0103 cu servicii personalizate de dezvoltare web<\/a>\n<\/h3>\n\t\t\t<div class=\"post-hover-content\">\n\t\t\t\t\n<div class=\"entry-content\">\n\t<p>A well-developed website\u00a0is the backbone of your online presence, acting as the primary touchpoint for potential customers. My\u00a0custom web development services\u00a0are designed to build fast, secure, and scalable websites...<\/p>\n<\/div>\n\t\t\t<\/div>\n\t\t<\/div>\n\t\t\t\t<a href=\"https:\/\/intyworldweb.com\/ro\/transform-your-digital-presence-with-custom-web-development-services\/\"><div class=\"blog-bg-image-metro\" style=\"background-image:url(https:\/\/intyworldweb.com\/wp-content\/uploads\/2021\/07\/nick-adams-yTWq8n3-4k0-unsplash.jpg);\"><\/div><\/a>\n\t\t\t<\/div>\n<\/article>\n<\/div><div class=\"grid-item metro-item3\"><article id=\"post-438\" class=\"post-438 post type-post status-publish format-standard has-post-thumbnail hentry category-blog\">\n\t<div class=\"blog-list-content\">\n\t\t\t\t<div class=\"post-content-bottom\">\n\t\t\t\t\t\t\t<div class=\"post-meta-info style-1\">\n\t\t\t\t\t<span class=\"meta-date\"><a href=\"https:\/\/intyworldweb.com\/ro\/boost-your-online-visibility-with-expert-seo-services\/\"><span class=\"entry-date\">iulie 5, 2021<\/span><\/a><\/span>\n<\/a><\/span>\n\t\t\t\t\t<span>|<\/span> <span class=\"post-author\">\n\t\t\t\t\t\tBy  \n\t\t\t\t\t\t<a href=\"https:\/\/intyworldweb.com\/ro\/author\/radusan\/\" rel=\"author\" class=\"fn\">\n\t\t\t\t\t\tIntyWW\t\t\t<\/a><\/span>\n\t\t\t\t<\/div>\n\t\t\t\t<h3 class=\"post-title\">\n\t<a href=\"https:\/\/intyworldweb.com\/ro\/boost-your-online-visibility-with-expert-seo-services\/\">Cre\u0219te\u021bi-v\u0103 vizibilitatea online cu Serviciile Expert SEO<\/a>\n<\/h3>\n\t\t\t<div class=\"post-hover-content\">\n\t\t\t\t\n<div class=\"entry-content\">\n\t<p>In today\u2019s competitive digital landscape,\u00a0search engine optimization (SEO)\u00a0is essential for driving organic traffic to your website and growing your online presence. My comprehensive\u00a0SEO\u00a0services focus on improving your website\u2019s\u00a0search engine...<\/p>\n<\/div>\n\t\t\t<\/div>\n\t\t<\/div>\n\t\t\t\t<a href=\"https:\/\/intyworldweb.com\/ro\/boost-your-online-visibility-with-expert-seo-services\/\"><div class=\"blog-bg-image-metro\" style=\"background-image:url(https:\/\/intyworldweb.com\/wp-content\/uploads\/2021\/07\/brooke-cagle-JBwcenOuRCg-unsplash.jpg);\"><\/div><\/a>\n\t\t\t<\/div>\n<\/article>\n<\/div><div class=\"grid-item metro-item4\"><article id=\"post-435\" class=\"post-435 post type-post status-publish format-standard has-post-thumbnail hentry category-blog\">\n\t<div class=\"blog-list-content\">\n\t\t\t\t<div class=\"post-content-bottom\">\n\t\t\t\t\t\t\t<div class=\"post-meta-info style-1\">\n\t\t\t\t\t<span class=\"meta-date\"><a href=\"https:\/\/intyworldweb.com\/ro\/build-a-strong-online-presence-with-a-distinct-brand-identity\/\"><span class=\"entry-date\">iulie 5, 2021<\/span><\/a><\/span>\n<\/a><\/span>\n\t\t\t\t\t<span>|<\/span> <span class=\"post-author\">\n\t\t\t\t\t\tBy  \n\t\t\t\t\t\t<a href=\"https:\/\/intyworldweb.com\/ro\/author\/radusan\/\" rel=\"author\" class=\"fn\">\n\t\t\t\t\t\tIntyWW\t\t\t<\/a><\/span>\n\t\t\t\t<\/div>\n\t\t\t\t<h3 class=\"post-title\">\n\t<a href=\"https:\/\/intyworldweb.com\/ro\/build-a-strong-online-presence-with-a-distinct-brand-identity\/\">Construi\u021bi o prezen\u021b\u0103 online puternic\u0103 cu o identitate de marc\u0103 distinct\u0103<\/a>\n<\/h3>\n\t\t\t<div class=\"post-hover-content\">\n\t\t\t\t\n<div class=\"entry-content\">\n\t<p>Your brand identity is the cornerstone of your business, defining how customers perceive and connect with your company. A compelling and cohesive brand identity not only sets you apart...<\/p>\n<\/div>\n\t\t\t<\/div>\n\t\t<\/div>\n\t\t\t\t<a href=\"https:\/\/intyworldweb.com\/ro\/build-a-strong-online-presence-with-a-distinct-brand-identity\/\"><div class=\"blog-bg-image-metro\" style=\"background-image:url(https:\/\/intyworldweb.com\/wp-content\/uploads\/2021\/07\/kobu-agency-QBBei2RPb7A-unsplash.jpg);\"><\/div><\/a>\n\t\t\t<\/div>\n<\/article>\n<\/div><div class=\"grid-item metro-item5\"><article id=\"post-432\" class=\"post-432 post type-post status-publish format-standard has-post-thumbnail hentry category-blog\">\n\t<div class=\"blog-list-content\">\n\t\t\t\t<div class=\"post-content-bottom\">\n\t\t\t\t\t\t\t<div class=\"post-meta-info style-1\">\n\t\t\t\t\t<span class=\"meta-date\"><a href=\"https:\/\/intyworldweb.com\/ro\/elevate-your-website-with-expert-ux-ui-design-services\/\"><span class=\"entry-date\">iulie 5, 2021<\/span><\/a><\/span>\n<\/a><\/span>\n\t\t\t\t\t<span>|<\/span> <span class=\"post-author\">\n\t\t\t\t\t\tBy  \n\t\t\t\t\t\t<a href=\"https:\/\/intyworldweb.com\/ro\/author\/radusan\/\" rel=\"author\" class=\"fn\">\n\t\t\t\t\t\tIntyWW\t\t\t<\/a><\/span>\n\t\t\t\t<\/div>\n\t\t\t\t<h3 class=\"post-title\">\n\t<a href=\"https:\/\/intyworldweb.com\/ro\/elevate-your-website-with-expert-ux-ui-design-services\/\">\u00cembun\u0103t\u0103\u021bi\u021bi-v\u0103 site-ul cu servicii de design expert UX\/UI<\/a>\n<\/h3>\n\t\t\t<div class=\"post-hover-content\">\n\t\t\t\t\n<div class=\"entry-content\">\n\t<p>Unlock the\u00a0full potential\u00a0of your website with cutting-edge\u00a0UX\/UI design, crafted to enhance user experience and drive conversions. Our expert design approach ensures your visitors enjoy a seamless, visually engaging, and...<\/p>\n<\/div>\n\t\t\t<\/div>\n\t\t<\/div>\n\t\t\t\t<a href=\"https:\/\/intyworldweb.com\/ro\/elevate-your-website-with-expert-ux-ui-design-services\/\"><div class=\"blog-bg-image-metro\" style=\"background-image:url(https:\/\/intyworldweb.com\/wp-content\/uploads\/2021\/07\/sigmund-zBfBXHCaLmk-unsplash.jpg);\"><\/div><\/a>\n\t\t\t<\/div>\n<\/article>\n<\/div><\/div><\/div>\t\t\t\t<\/div>\n\t\t\t\t<\/div>\n\t\t\t\t\t<\/div>\n\t\t\t\t<\/div>\n\t\t\t\t<\/div>","protected":false},"excerpt":{"rendered":"<p>BLOG July 5, 2021 | By IntyWW Massa Vitae Toutor Condimentum Lacinia Quis Lorem ipsum dolor sit amet, consectetur adipiscing elit, sed do eiusmod tempor incididunt ut labore et dolore magna aliqua. Faucibus turpis in eu mi bibendum neque egestas congue quisque&#8230;. July 5, 2021 | By IntyWW Transform Your Digital Presence with Custom Web [&hellip;]<\/p>\n","protected":false},"author":1,"featured_media":0,"parent":0,"menu_order":0,"comment_status":"closed","ping_status":"closed","template":"","meta":{"om_disable_all_campaigns":false,"_monsterinsights_skip_tracking":false,"_monsterinsights_sitenote_active":false,"_monsterinsights_sitenote_note":"","_monsterinsights_sitenote_category":0,"_uf_show_specific_survey":0,"_uf_disable_surveys":false,"footnotes":""},"class_list":["post-3244","page","type-page","status-publish","hentry"],"blocksy_meta":[],"aioseo_notices":[],"_links":{"self":[{"href":"https:\/\/intyworldweb.com\/ro\/wp-json\/wp\/v2\/pages\/3244","targetHints":{"allow":["GET"]}}],"collection":[{"href":"https:\/\/intyworldweb.com\/ro\/wp-json\/wp\/v2\/pages"}],"about":[{"href":"https:\/\/intyworldweb.com\/ro\/wp-json\/wp\/v2\/types\/page"}],"author":[{"embeddable":true,"href":"https:\/\/intyworldweb.com\/ro\/wp-json\/wp\/v2\/users\/1"}],"replies":[{"embeddable":true,"href":"https:\/\/intyworldweb.com\/ro\/wp-json\/wp\/v2\/comments?post=3244"}],"version-history":[{"count":22,"href":"https:\/\/intyworldweb.com\/ro\/wp-json\/wp\/v2\/pages\/3244\/revisions"}],"predecessor-version":[{"id":3268,"href":"https:\/\/intyworldweb.com\/ro\/wp-json\/wp\/v2\/pages\/3244\/revisions\/3268"}],"wp:attachment":[{"href":"https:\/\/intyworldweb.com\/ro\/wp-json\/wp\/v2\/media?parent=3244"}],"curies":[{"name":"wp","href":"https:\/\/api.w.org\/{rel}","templated":true}]}}